{"id":4425,"date":"2019-07-22T18:22:26","date_gmt":"2019-07-22T18:22:26","guid":{"rendered":"https:\/\/mariscoscongelados.com\/?page_id=4425"},"modified":"2019-08-02T15:43:11","modified_gmt":"2019-08-02T15:43:11","slug":"productos-del-mar","status":"publish","type":"page","link":"https:\/\/mariscoscongelados.com\/en\/productos-del-mar\/","title":{"rendered":"Sea Food"},"content":{"rendered":"<div data-elementor-type=\"wp-post\" data-elementor-id=\"4425\" class=\"elementor elementor-4425\">\n\t\t\t\t\t\t<div class=\"elementor-inner\">\n\t\t\t\t<div class=\"elementor-section-wrap\">\n\t\t\t\t\t\t\t\t\t<section class=\"elementor-section elementor-top-section elementor-element elementor-element-667b6b28 elementor-section-boxed elementor-section-height-default elementor-section-height-default\" data-id=\"667b6b28\" data-element_type=\"section\">\n\t\t\t\t\t\t<div class=\"elementor-container elementor-column-gap-default\">\n\t\t\t\t\t\t\t<div class=\"elementor-row\">\n\t\t\t\t\t<div class=\"elementor-column elementor-col-100 elementor-top-column elementor-element elementor-element-2881f60e\" data-id=\"2881f60e\" data-element_type=\"column\">\n\t\t\t<div class=\"elementor-column-wrap elementor-element-populated\">\n\t\t\t\t\t\t\t<div class=\"elementor-widget-wrap\">\n\t\t\t\t\t\t<div class=\"elementor-element elementor-element-dd5ec9f elementor-widget elementor-widget-spacer\" data-id=\"dd5ec9f\" data-element_type=\"widget\" data-widget_type=\"spacer.default\">\n\t\t\t\t<div class=\"elementor-widget-container\">\n\t\t\t\t\t<div class=\"elementor-spacer\">\n\t\t\t<div class=\"elementor-spacer-inner\"><\/div>\n\t\t<\/div>\n\t\t\t\t<\/div>\n\t\t\t\t<\/div>\n\t\t\t\t<div class=\"elementor-element elementor-element-694e259 elementor-widget elementor-widget-heading\" data-id=\"694e259\" data-element_type=\"widget\" data-widget_type=\"heading.default\">\n\t\t\t\t<div class=\"elementor-widget-container\">\n\t\t\t<h2 class=\"elementor-heading-title elementor-size-default\">Productos del Mar<\/h2>\t\t<\/div>\n\t\t\t\t<\/div>\n\t\t\t\t<div class=\"elementor-element elementor-element-1542add elementor-widget elementor-widget-text-editor\" data-id=\"1542add\" data-element_type=\"widget\" data-widget_type=\"text-editor.default\">\n\t\t\t\t<div class=\"elementor-widget-container\">\n\t\t\t\t\t\t\t\t<div class=\"elementor-text-editor elementor-clearfix\">\n\t\t\t\t<p>La mejor calidad directo de las costas del Pac\u00edfico.\u00a0Somos expertos en el manejo y cuidado de nuestros productos manteni\u00e9ndolos en las mejores condiciones para nuestros clientes.<\/p>\t\t\t\t\t<\/div>\n\t\t\t\t\t\t<\/div>\n\t\t\t\t<\/div>\n\t\t\t\t<section class=\"elementor-section elementor-inner-section elementor-element elementor-element-e10cefc elementor-section-boxed elementor-section-height-default elementor-section-height-default\" data-id=\"e10cefc\" data-element_type=\"section\">\n\t\t\t\t\t\t<div class=\"elementor-container elementor-column-gap-default\">\n\t\t\t\t\t\t\t<div class=\"elementor-row\">\n\t\t\t\t\t<div class=\"elementor-column elementor-col-50 elementor-inner-column elementor-element elementor-element-9956fb9\" data-id=\"9956fb9\" data-element_type=\"column\">\n\t\t\t<div class=\"elementor-column-wrap elementor-element-populated\">\n\t\t\t\t\t\t\t<div class=\"elementor-widget-wrap\">\n\t\t\t\t\t\t<div class=\"elementor-element elementor-element-f9dda5f elementor-widget elementor-widget-text-editor\" data-id=\"f9dda5f\" data-element_type=\"widget\" data-widget_type=\"text-editor.default\">\n\t\t\t\t<div class=\"elementor-widget-container\">\n\t\t\t\t\t\t\t\t<div class=\"elementor-text-editor elementor-clearfix\">\n\t\t\t\t<ul><li>Pescado<\/li><li>Camar\u00f3n<\/li><li>Callo de hacha<\/li><li>Langostino<\/li><li>Jaiba en pulpa<\/li><li>Camar\u00f3n de granja<\/li><li>Langosta<\/li><li>Filete de pescado<\/li><li>Calamar<\/li><li>Pulpo<\/li><li>Salm\u00f3n<\/li><li>Lomo de at\u00fan<\/li><li>Medall\u00f3n de at\u00fan<\/li><li>Pescado entero<\/li><li>At\u00fan entero<\/li><\/ul>\t\t\t\t\t<\/div>\n\t\t\t\t\t\t<\/div>\n\t\t\t\t<\/div>\n\t\t\t\t\t\t<\/div>\n\t\t\t\t\t<\/div>\n\t\t<\/div>\n\t\t\t\t<div class=\"elementor-column elementor-col-50 elementor-inner-column elementor-element elementor-element-bf1dce3\" data-id=\"bf1dce3\" data-element_type=\"column\">\n\t\t\t<div class=\"elementor-column-wrap elementor-element-populated\">\n\t\t\t\t\t\t\t<div class=\"elementor-widget-wrap\">\n\t\t\t\t\t\t<div class=\"elementor-element elementor-element-bf41f2d elementor-widget elementor-widget-image\" data-id=\"bf41f2d\" data-element_type=\"widget\" data-widget_type=\"image.default\">\n\t\t\t\t<div class=\"elementor-widget-container\">\n\t\t\t\t\t\t\t\t<div class=\"elementor-image\">\n\t\t\t\t\t\t\t\t\t\t\t\t<img loading=\"lazy\" decoding=\"async\" width=\"750\" height=\"530\" src=\"https:\/\/mariscoscongelados.com\/wp-content\/uploads\/2019\/07\/mar-1024x723.jpg\" class=\"attachment-large size-large wp-image-4668\" alt=\"\" srcset=\"https:\/\/mariscoscongelados.com\/wp-content\/uploads\/2019\/07\/mar-1024x723.jpg 1024w, https:\/\/mariscoscongelados.com\/wp-content\/uploads\/2019\/07\/mar-300x212.jpg 300w, https:\/\/mariscoscongelados.com\/wp-content\/uploads\/2019\/07\/mar-768x543.jpg 768w, https:\/\/mariscoscongelados.com\/wp-content\/uploads\/2019\/07\/mar.jpg 1070w\" sizes=\"auto, (max-width: 750px) 100vw, 750px\" \/>\t\t\t\t\t\t\t\t\t\t\t\t\t\t<\/div>\n\t\t\t\t\t\t<\/div>\n\t\t\t\t<\/div>\n\t\t\t\t\t\t<\/div>\n\t\t\t\t\t<\/div>\n\t\t<\/div>\n\t\t\t\t\t\t\t\t<\/div>\n\t\t\t\t\t<\/div>\n\t\t<\/section>\n\t\t\t\t\t\t<\/div>\n\t\t\t\t\t<\/div>\n\t\t<\/div>\n\t\t\t\t\t\t\t\t<\/div>\n\t\t\t\t\t<\/div>\n\t\t<\/section>\n\t\t\t\t\t\t\t\t\t<\/div>\n\t\t\t<\/div>\n\t\t\t\t\t<\/div>","protected":false},"excerpt":{"rendered":"<p>Productos del Mar La mejor calidad directo de las costas del Pac\u00edfico.\u00a0Somos expertos en el manejo y cuidado de nuestros productos manteni\u00e9ndolos en las mejores condiciones para nuestros clientes. Pescado Camar\u00f3n Callo de hacha Langostino Jaiba en pulpa Camar\u00f3n de granja Langosta Filete de pescado Calamar Pulpo Salm\u00f3n Lomo de at\u00fan Medall\u00f3n de at\u00fan Pescado&hellip;&nbsp;<a href=\"https:\/\/mariscoscongelados.com\/en\/productos-del-mar\/\" class=\"\" rel=\"bookmark\">Read More &raquo;<span class=\"screen-reader-text\">Sea Food<\/span><\/a><\/p>","protected":false},"author":1,"featured_media":0,"parent":0,"menu_order":0,"comment_status":"closed","ping_status":"closed","template":"page-templates\/template-pagebuilder-full-width.php","meta":{"_mi_skip_tracking":false,"_themeisle_gutenberg_block_has_review":false,"footnotes":""},"class_list":["post-4425","page","type-page","status-publish","hentry"],"yoast_head":"<!-- This site is optimized with the Yoast SEO plugin v19.11 - https:\/\/yoast.com\/wordpress\/plugins\/seo\/ -->\n<title>Productos del mar - Mariscos Congelados Los Arcos<\/title>\n<meta name=\"description\" content=\"La mejor calidad en productos desde las costas del Pac\u00edfico.\" \/>\n<meta name=\"robots\" content=\"index, follow, max-snippet:-1, max-image-preview:large, max-video-preview:-1\" \/>\n<link rel=\"canonical\" href=\"https:\/\/mariscoscongelados.com\/en\/productos-del-mar\/\" \/>\n<meta property=\"og:locale\" content=\"en_US\" \/>\n<meta property=\"og:type\" content=\"article\" \/>\n<meta property=\"og:title\" content=\"Productos del mar - Mariscos Congelados Los Arcos\" \/>\n<meta property=\"og:description\" content=\"La mejor calidad en productos desde las costas del Pac\u00edfico.\" \/>\n<meta property=\"og:url\" content=\"https:\/\/mariscoscongelados.com\/en\/productos-del-mar\/\" \/>\n<meta property=\"og:site_name\" content=\"Mariscos Congelados Los Arcos\" \/>\n<meta property=\"article:modified_time\" content=\"2019-08-02T15:43:11+00:00\" \/>\n<meta property=\"og:image\" content=\"https:\/\/mariscoscongelados.com\/wp-content\/uploads\/2019\/07\/mar-1024x723.jpg\" \/>\n<meta name=\"twitter:card\" content=\"summary_large_image\" \/>\n<script type=\"application\/ld+json\" class=\"yoast-schema-graph\">{\"@context\":\"https:\/\/schema.org\",\"@graph\":[{\"@type\":\"WebPage\",\"@id\":\"https:\/\/mariscoscongelados.com\/productos-del-mar\/\",\"url\":\"https:\/\/mariscoscongelados.com\/productos-del-mar\/\",\"name\":\"Productos del mar - Mariscos Congelados Los Arcos\",\"isPartOf\":{\"@id\":\"https:\/\/mariscoscongelados.com\/#website\"},\"datePublished\":\"2019-07-22T18:22:26+00:00\",\"dateModified\":\"2019-08-02T15:43:11+00:00\",\"description\":\"La mejor calidad en productos desde las costas del Pac\u00edfico.\",\"breadcrumb\":{\"@id\":\"https:\/\/mariscoscongelados.com\/productos-del-mar\/#breadcrumb\"},\"inLanguage\":\"en-US\",\"potentialAction\":[{\"@type\":\"ReadAction\",\"target\":[\"https:\/\/mariscoscongelados.com\/productos-del-mar\/\"]}]},{\"@type\":\"BreadcrumbList\",\"@id\":\"https:\/\/mariscoscongelados.com\/productos-del-mar\/#breadcrumb\",\"itemListElement\":[{\"@type\":\"ListItem\",\"position\":1,\"name\":\"Inicio\",\"item\":\"https:\/\/mariscoscongelados.com\/\"},{\"@type\":\"ListItem\",\"position\":2,\"name\":\"Productos del mar\"}]},{\"@type\":\"WebSite\",\"@id\":\"https:\/\/mariscoscongelados.com\/#website\",\"url\":\"https:\/\/mariscoscongelados.com\/\",\"name\":\"Mariscos Congelados Los Arcos\",\"description\":\"Mariscos Congelados Los Arcos S.A. de C.V.\",\"publisher\":{\"@id\":\"https:\/\/mariscoscongelados.com\/#organization\"},\"potentialAction\":[{\"@type\":\"SearchAction\",\"target\":{\"@type\":\"EntryPoint\",\"urlTemplate\":\"https:\/\/mariscoscongelados.com\/?s={search_term_string}\"},\"query-input\":\"required name=search_term_string\"}],\"inLanguage\":\"en-US\"},{\"@type\":\"Organization\",\"@id\":\"https:\/\/mariscoscongelados.com\/#organization\",\"name\":\"Mariscos Congelados Los Arcos\",\"url\":\"https:\/\/mariscoscongelados.com\/\",\"logo\":{\"@type\":\"ImageObject\",\"inLanguage\":\"en-US\",\"@id\":\"https:\/\/mariscoscongelados.com\/#\/schema\/logo\/image\/\",\"url\":\"https:\/\/mariscoscongelados.com\/wp-content\/uploads\/2019\/07\/MCA.png\",\"contentUrl\":\"https:\/\/mariscoscongelados.com\/wp-content\/uploads\/2019\/07\/MCA.png\",\"width\":512,\"height\":512,\"caption\":\"Mariscos Congelados Los Arcos \"},\"image\":{\"@id\":\"https:\/\/mariscoscongelados.com\/#\/schema\/logo\/image\/\"}}]}<\/script>\n<!-- \/ Yoast SEO plugin. -->","yoast_head_json":{"title":"Productos del mar - Mariscos Congelados Los Arcos","description":"La mejor calidad en productos desde las costas del Pac\u00edfico.","robots":{"index":"index","follow":"follow","max-snippet":"max-snippet:-1","max-image-preview":"max-image-preview:large","max-video-preview":"max-video-preview:-1"},"canonical":"https:\/\/mariscoscongelados.com\/en\/productos-del-mar\/","og_locale":"en_US","og_type":"article","og_title":"Productos del mar - Mariscos Congelados Los Arcos","og_description":"La mejor calidad en productos desde las costas del Pac\u00edfico.","og_url":"https:\/\/mariscoscongelados.com\/en\/productos-del-mar\/","og_site_name":"Mariscos Congelados Los Arcos","article_modified_time":"2019-08-02T15:43:11+00:00","og_image":[{"url":"https:\/\/mariscoscongelados.com\/wp-content\/uploads\/2019\/07\/mar-1024x723.jpg"}],"twitter_card":"summary_large_image","schema":{"@context":"https:\/\/schema.org","@graph":[{"@type":"WebPage","@id":"https:\/\/mariscoscongelados.com\/productos-del-mar\/","url":"https:\/\/mariscoscongelados.com\/productos-del-mar\/","name":"Productos del mar - Mariscos Congelados Los Arcos","isPartOf":{"@id":"https:\/\/mariscoscongelados.com\/#website"},"datePublished":"2019-07-22T18:22:26+00:00","dateModified":"2019-08-02T15:43:11+00:00","description":"La mejor calidad en productos desde las costas del Pac\u00edfico.","breadcrumb":{"@id":"https:\/\/mariscoscongelados.com\/productos-del-mar\/#breadcrumb"},"inLanguage":"en-US","potentialAction":[{"@type":"ReadAction","target":["https:\/\/mariscoscongelados.com\/productos-del-mar\/"]}]},{"@type":"BreadcrumbList","@id":"https:\/\/mariscoscongelados.com\/productos-del-mar\/#breadcrumb","itemListElement":[{"@type":"ListItem","position":1,"name":"Inicio","item":"https:\/\/mariscoscongelados.com\/"},{"@type":"ListItem","position":2,"name":"Productos del mar"}]},{"@type":"WebSite","@id":"https:\/\/mariscoscongelados.com\/#website","url":"https:\/\/mariscoscongelados.com\/","name":"Mariscos Congelados Los Arcos","description":"Mariscos Congelados Los Arcos S.A. de C.V.","publisher":{"@id":"https:\/\/mariscoscongelados.com\/#organization"},"potentialAction":[{"@type":"SearchAction","target":{"@type":"EntryPoint","urlTemplate":"https:\/\/mariscoscongelados.com\/?s={search_term_string}"},"query-input":"required name=search_term_string"}],"inLanguage":"en-US"},{"@type":"Organization","@id":"https:\/\/mariscoscongelados.com\/#organization","name":"Mariscos Congelados Los Arcos","url":"https:\/\/mariscoscongelados.com\/","logo":{"@type":"ImageObject","inLanguage":"en-US","@id":"https:\/\/mariscoscongelados.com\/#\/schema\/logo\/image\/","url":"https:\/\/mariscoscongelados.com\/wp-content\/uploads\/2019\/07\/MCA.png","contentUrl":"https:\/\/mariscoscongelados.com\/wp-content\/uploads\/2019\/07\/MCA.png","width":512,"height":512,"caption":"Mariscos Congelados Los Arcos "},"image":{"@id":"https:\/\/mariscoscongelados.com\/#\/schema\/logo\/image\/"}}]}},"_links":{"self":[{"href":"https:\/\/mariscoscongelados.com\/en\/wp-json\/wp\/v2\/pages\/4425","targetHints":{"allow":["GET"]}}],"collection":[{"href":"https:\/\/mariscoscongelados.com\/en\/wp-json\/wp\/v2\/pages"}],"about":[{"href":"https:\/\/mariscoscongelados.com\/en\/wp-json\/wp\/v2\/types\/page"}],"author":[{"embeddable":true,"href":"https:\/\/mariscoscongelados.com\/en\/wp-json\/wp\/v2\/users\/1"}],"replies":[{"embeddable":true,"href":"https:\/\/mariscoscongelados.com\/en\/wp-json\/wp\/v2\/comments?post=4425"}],"version-history":[{"count":11,"href":"https:\/\/mariscoscongelados.com\/en\/wp-json\/wp\/v2\/pages\/4425\/revisions"}],"predecessor-version":[{"id":4706,"href":"https:\/\/mariscoscongelados.com\/en\/wp-json\/wp\/v2\/pages\/4425\/revisions\/4706"}],"wp:attachment":[{"href":"https:\/\/mariscoscongelados.com\/en\/wp-json\/wp\/v2\/media?parent=4425"}],"curies":[{"name":"wp","href":"https:\/\/api.w.org\/{rel}","templated":true}]}}